{"id":1584,"date":"2024-01-31T13:42:55","date_gmt":"2024-01-31T13:42:55","guid":{"rendered":"https:\/\/malanga.eu\/?page_id=1584"},"modified":"2025-01-16T19:50:08","modified_gmt":"2025-01-16T19:50:08","slug":"transportmoeglichkeiten","status":"publish","type":"page","link":"https:\/\/malanga.eu\/de\/transportmoeglichkeiten\/","title":{"rendered":"Transportm\u00f6glichkeiten"},"content":{"rendered":"\n\n\n<section class=\"page-header fullwidth  \">\n    <div class=\"widewidth page-header__wrapper\">\n        <div class=\"page-header__breadcrumbs\">\n            <p class=\"bn-breadcrumbs\"><span><span><a href=\"https:\/\/malanga.eu\/de\/\">Home<\/a><\/span><\/span><\/p>        <\/div>\n        <div class=\"page-header__content\">\n            <div class=\"page-header__content--title\">\n                <h1 class=\"--decoration\">Transportm\u00f6glichkeiten<\/h1>\n            <\/div>\n                    <\/div>\n    <\/div>\n\n<\/section>\n\n\n<style>\n    \/* mobile *\/\n    .bcg-XzDMr7ff46 {\n            }\n\n    \/* desktop *\/\n    @media (min-width: 576px) {\n        .bcg-XzDMr7ff46 {\n            background-image: url('');\n        }\n    }\n<\/style>\n<section  class=\"section bcg-XzDMr7ff46 boxwidth flex vertical vertical__center      \">\n        \n\n<style>\n    \/* mobile *\/\n    .bcg-1BAys02xB1 {\n            }\n\n    \/* desktop *\/\n    @media (min-width: 576px) {\n        .bcg-1BAys02xB1 {\n            background-image: url('');\n        }\n    }\n<\/style>\n\n<div  class=\"bcg-1BAys02xB1  boxwidth grid-row       --default-padding  \">\n        \n\n\n\n<div class=\"grid-xxs-col-1-13 grid-sm-col-2-12     \">\n    \n\n<div class=\"bn-wysiwyg            \">\n    <div class=\"content_site cf\">\n<p>Der Versand \/ die Abholung erfolgt nach der Bezahlung, 100% Vorkasse.<\/p>\n<p>1. Selbstabholung<br \/>\n2. Sie k\u00f6nnen selbst eine Logistik Firma \/ Kurier beauftragen<br \/>\n3. Wir verschicken die Ware and Sie. MALANGA arbeiten mit folgenden Logistik Unternehmen zusammen:<\/p>\n<p><strong>FEDEX EXPRESS &#8211;<\/strong>Federal Express Europe, Inc &#8211;\u00a0<a href=\"http:\/\/www.fedex.com\/\" target=\"_blank\" rel=\"noopener\">www.fedex.com<\/a><\/p>\n<p>FedEx hat den Express-Versand erfunden und ist auf diesem Gebiet weltweiter Marktf\u00fchrer.<br \/>\nMit der schnellen, zuverl\u00e4ssigen und zeitgebundenen Zustellung in mehr als 220 L\u00e4nder und Regionen verbinden wir innerhalb von 1 bis 3 Gesch\u00e4ftstagen M\u00e4rkte, die mehr als 90 Prozent des weltweiten Bruttoinlandsproduktes repr\u00e4sentieren. Un\u00fcbertroffene Flugstreckenbefugnisse und Transportinfrastruktur, kombiniert mit fortschrittlichen Informationstechnologien, machen FedEx Express zum weltweit gr\u00f6\u00dften Express-Transportunternehmen, das mit seinen schnellen und zuverl\u00e4ssigen Services t\u00e4glich mehr als 3,6 Millionen Versandauftr\u00e4ge abwickelt.<br \/>\nPakete bis 58,00 kg; sicher &#8211; mit Haftung<br \/>\nSendungsverfolgung:\u00a0<a href=\"https:\/\/www.fedex.com\/apps\/fedextrack\/?cntry_code=de\" target=\"_blank\" rel=\"noopener\">https:\/\/www.fedex.com\/apps\/fedextrack\/?cntry_code=de<\/a><\/p>\n<p><strong>DPD &#8211; <\/strong>Dynamic Parcel Distribution GmbH &amp; Co. KG, Germany &#8211;\u00a0<a href=\"http:\/\/www.dpd.com\/en\" target=\"_blank\" rel=\"noopener\">www.dpd.com\/en<\/a><\/p>\n<p>DPD ist einer der f\u00fchrenden Paket- und Expressdienstleister<br \/>\nWeltweiter Paketversand in mehr als 220 L\u00e4nder<br \/>\nSendungen bis 31,5 kg &#8211; sicher mit Haftung (in EU bis 520\u20ac inclusive)<br \/>\nSendungsverfolgung:\u00a0<a href=\"http:\/\/www.dpd.com\/de\/home\/versand\/versandinformationen2\/versand_anwendungen\/sendungsverfolgung\" target=\"_blank\" rel=\"noopener\">www.dpd.com\/de\/home\/versand\/versandinformationen2\/versand_anwendungen\/sendungsverfolgung<\/a><\/p>\n<p><strong>DB -SCHENKER DEUTSCHLAND AG; <\/strong><a href=\"http:\/\/www.logistics.dbschenker.de\/log-de-en\/start\/\" target=\"_blank\" rel=\"noopener\">http:\/\/www.logistics.dbschenker.de\/log-de-en\/start\/<\/a><\/p>\n<p>Palettenversand.<\/p>\n<p>Das f\u00fchrende Logistikunternehmen in Deutschland mit einer klaren Fokussierung auf das B2B-Gesch\u00e4ft mit fl\u00e4chendeckenden L\u00f6sungen in allen Teilnetzen (nationale und internationale Landverkehre, Luft- und Seefracht). DB Schenker arbeitet mit fast 96.000 Mitarbeitern an ca. 2.000 Standorten in \u00fcber 130 L\u00e4ndern.<\/p>\n<p><strong>DHL &#8211; <\/strong>Deutsche Post DHL &#8211;\u00a0<a href=\"http:\/\/www.dhl.de\/en.html\" target=\"_blank\" rel=\"noopener\">http:\/\/www.dhl.de\/en.html<\/a><\/p>\n<p>DHL ist Teil des weltweit f\u00fchrenden Logistikkonzerns Deutsche Post DHL<br \/>\nDHL ist in \u00fcber 220 L\u00e4ndern und Territorien weltweit pr\u00e4sent<br \/>\n\u00fcber mehr als 285.000 Mitarbeiter bietet DHL unendlich viele Logistikl\u00f6sungen<br \/>\nSendungen bis 31,5 kg &#8211; sicher mit Haftung (in EU bis 500\u20ac inclusive)<br \/>\nSendungsverfolgung:\u00a0<a href=\"http:\/\/www.dhl.de\/de\/paket\/information\/sendungsverfolgung.html\" target=\"_blank\" rel=\"noopener\">www.dhl.de\/de\/paket\/information\/sendungsverfolgung.html<\/a><\/p>\n<\/div>\n<div class=\"button_left cf\">\n<div class=\"cssButtonPos4\"><\/div>\n<\/div>\n<\/div>\n\n<\/div>\n\n<\/div>\n\n<\/section>","protected":false},"excerpt":{"rendered":"","protected":false},"author":1,"featured_media":0,"parent":0,"menu_order":0,"comment_status":"closed","ping_status":"closed","template":"","meta":{"_acf_changed":false,"inline_featured_image":false,"footnotes":""},"class_list":["post-1584","page","type-page","status-publish","hentry"],"acf":false,"yoast_head":"<!-- This site is optimized with the Yoast SEO plugin v23.0 - https:\/\/yoast.com\/wordpress\/plugins\/seo\/ -->\n<title>Transportm\u00f6glichkeiten - Malanga<\/title>\n<meta name=\"robots\" content=\"index, follow, max-snippet:-1, max-image-preview:large, max-video-preview:-1\" \/>\n<link rel=\"canonical\" href=\"https:\/\/malanga.eu\/de\/transportmoeglichkeiten\/\" \/>\n<meta property=\"og:locale\" content=\"de_DE\" \/>\n<meta property=\"og:type\" content=\"article\" \/>\n<meta property=\"og:title\" content=\"Transportm\u00f6glichkeiten - Malanga\" \/>\n<meta property=\"og:url\" content=\"https:\/\/malanga.eu\/de\/transportmoeglichkeiten\/\" \/>\n<meta property=\"og:site_name\" content=\"Malanga\" \/>\n<meta property=\"article:modified_time\" content=\"2025-01-16T19:50:08+00:00\" \/>\n<meta name=\"twitter:card\" content=\"summary_large_image\" \/>\n<script type=\"application\/ld+json\" class=\"yoast-schema-graph\">{\"@context\":\"https:\/\/schema.org\",\"@graph\":[{\"@type\":\"WebPage\",\"@id\":\"https:\/\/malanga.eu\/de\/transportmoeglichkeiten\/\",\"url\":\"https:\/\/malanga.eu\/de\/transportmoeglichkeiten\/\",\"name\":\"Transportm\u00f6glichkeiten - Malanga\",\"isPartOf\":{\"@id\":\"https:\/\/malanga.eu\/de\/#website\"},\"datePublished\":\"2024-01-31T13:42:55+00:00\",\"dateModified\":\"2025-01-16T19:50:08+00:00\",\"breadcrumb\":{\"@id\":\"https:\/\/malanga.eu\/de\/transportmoeglichkeiten\/#breadcrumb\"},\"inLanguage\":\"de\",\"potentialAction\":[{\"@type\":\"ReadAction\",\"target\":[\"https:\/\/malanga.eu\/de\/transportmoeglichkeiten\/\"]}]},{\"@type\":\"BreadcrumbList\",\"@id\":\"https:\/\/malanga.eu\/de\/transportmoeglichkeiten\/#breadcrumb\",\"itemListElement\":[{\"@type\":\"ListItem\",\"position\":1,\"name\":\"Home\",\"item\":\"https:\/\/malanga.eu\/de\/\"},{\"@type\":\"ListItem\",\"position\":2,\"name\":\"Transportm\u00f6glichkeiten\"}]},{\"@type\":\"WebSite\",\"@id\":\"https:\/\/malanga.eu\/de\/#website\",\"url\":\"https:\/\/malanga.eu\/de\/\",\"name\":\"Malanga\",\"description\":\"\",\"potentialAction\":[{\"@type\":\"SearchAction\",\"target\":{\"@type\":\"EntryPoint\",\"urlTemplate\":\"https:\/\/malanga.eu\/de\/?s={search_term_string}\"},\"query-input\":\"required name=search_term_string\"}],\"inLanguage\":\"de\"}]}<\/script>\n<!-- \/ Yoast SEO plugin. -->","yoast_head_json":{"title":"Transportm\u00f6glichkeiten - Malanga","robots":{"index":"index","follow":"follow","max-snippet":"max-snippet:-1","max-image-preview":"max-image-preview:large","max-video-preview":"max-video-preview:-1"},"canonical":"https:\/\/malanga.eu\/de\/transportmoeglichkeiten\/","og_locale":"de_DE","og_type":"article","og_title":"Transportm\u00f6glichkeiten - Malanga","og_url":"https:\/\/malanga.eu\/de\/transportmoeglichkeiten\/","og_site_name":"Malanga","article_modified_time":"2025-01-16T19:50:08+00:00","twitter_card":"summary_large_image","schema":{"@context":"https:\/\/schema.org","@graph":[{"@type":"WebPage","@id":"https:\/\/malanga.eu\/de\/transportmoeglichkeiten\/","url":"https:\/\/malanga.eu\/de\/transportmoeglichkeiten\/","name":"Transportm\u00f6glichkeiten - Malanga","isPartOf":{"@id":"https:\/\/malanga.eu\/de\/#website"},"datePublished":"2024-01-31T13:42:55+00:00","dateModified":"2025-01-16T19:50:08+00:00","breadcrumb":{"@id":"https:\/\/malanga.eu\/de\/transportmoeglichkeiten\/#breadcrumb"},"inLanguage":"de","potentialAction":[{"@type":"ReadAction","target":["https:\/\/malanga.eu\/de\/transportmoeglichkeiten\/"]}]},{"@type":"BreadcrumbList","@id":"https:\/\/malanga.eu\/de\/transportmoeglichkeiten\/#breadcrumb","itemListElement":[{"@type":"ListItem","position":1,"name":"Home","item":"https:\/\/malanga.eu\/de\/"},{"@type":"ListItem","position":2,"name":"Transportm\u00f6glichkeiten"}]},{"@type":"WebSite","@id":"https:\/\/malanga.eu\/de\/#website","url":"https:\/\/malanga.eu\/de\/","name":"Malanga","description":"","potentialAction":[{"@type":"SearchAction","target":{"@type":"EntryPoint","urlTemplate":"https:\/\/malanga.eu\/de\/?s={search_term_string}"},"query-input":"required name=search_term_string"}],"inLanguage":"de"}]}},"_links":{"self":[{"href":"https:\/\/malanga.eu\/de\/wp-json\/wp\/v2\/pages\/1584","targetHints":{"allow":["GET"]}}],"collection":[{"href":"https:\/\/malanga.eu\/de\/wp-json\/wp\/v2\/pages"}],"about":[{"href":"https:\/\/malanga.eu\/de\/wp-json\/wp\/v2\/types\/page"}],"author":[{"embeddable":true,"href":"https:\/\/malanga.eu\/de\/wp-json\/wp\/v2\/users\/1"}],"replies":[{"embeddable":true,"href":"https:\/\/malanga.eu\/de\/wp-json\/wp\/v2\/comments?post=1584"}],"version-history":[{"count":3,"href":"https:\/\/malanga.eu\/de\/wp-json\/wp\/v2\/pages\/1584\/revisions"}],"predecessor-version":[{"id":23921,"href":"https:\/\/malanga.eu\/de\/wp-json\/wp\/v2\/pages\/1584\/revisions\/23921"}],"wp:attachment":[{"href":"https:\/\/malanga.eu\/de\/wp-json\/wp\/v2\/media?parent=1584"}],"curies":[{"name":"wp","href":"https:\/\/api.w.org\/{rel}","templated":true}]}}