{"id":1746,"date":"2024-01-31T16:25:26","date_gmt":"2024-01-31T16:25:26","guid":{"rendered":"https:\/\/malanga.eu\/datenschutzbestimmungen\/"},"modified":"2024-01-31T16:45:52","modified_gmt":"2024-01-31T16:45:52","slug":"datenschutzbestimmungen","status":"publish","type":"page","link":"https:\/\/malanga.eu\/de\/datenschutzbestimmungen\/","title":{"rendered":"Datenschutzbestimmungen"},"content":{"rendered":"\n\n\n<section class=\"page-header fullwidth  \">\n    <div class=\"widewidth page-header__wrapper\">\n        <div class=\"page-header__breadcrumbs\">\n            <p class=\"bn-breadcrumbs\"><span><span><a href=\"https:\/\/malanga.eu\/de\/\">Home<\/a><\/span><\/span><\/p>        <\/div>\n        <div class=\"page-header__content\">\n            <div class=\"page-header__content--title\">\n                <h1 class=\"--decoration\">Datenschutzbestimmungen<\/h1>\n            <\/div>\n                    <\/div>\n    <\/div>\n\n<\/section>\n<style>\n    \/* mobile *\/\n    .bcg-XOtudskWG6 {\n            }\n\n    \/* desktop *\/\n    @media (min-width: 576px) {\n        .bcg-XOtudskWG6 {\n            background-image: url('');\n        }\n    }\n<\/style>\n<section  class=\"section bcg-XOtudskWG6 boxwidth flex vertical vertical__center      \">\n        \n\n<style>\n    \/* mobile *\/\n    .bcg-7aKhBLfgXD {\n            }\n\n    \/* desktop *\/\n    @media (min-width: 576px) {\n        .bcg-7aKhBLfgXD {\n            background-image: url('');\n        }\n    }\n<\/style>\n\n<div  class=\"bcg-7aKhBLfgXD  boxwidth grid-row       --default-padding  \">\n        \n\n\n\n<div class=\"grid-xxs-col-1-13 grid-sm-col-2-12     \">\n    \n\n<div class=\"bn-wysiwyg     \">\n    <h2>1. NAME UND KONTAKTANGABEN DES F\u00dcR DIE VERARBEITUNG VERANTWORTLICHEN SOWIE DES BETRIEBLICHEN DATENSCHUTZBEAUFTRAGTEN<\/h2>\n<p>Diese Datenschutzrichtlinie gilt f\u00fcr die Datenverarbeitung durch:<br \/>\nMALANGA, ANDREAS MIKOLAS<br \/>\nOsnabr\u00fccker Stra\u00dfe 30<br \/>\n10589 Berlin<br \/>\nTel: +49 (0) 30 345 40 248<br \/>\nFax: +49 (0) 30 345 40 247<br \/>\nE-Mail: <a href=\"mailto:info@malanga.eu\">info@malanga.eu<\/a><\/p>\n<h2>2. AUTOMATISCHE DATENERFASSUNG UND -VERARBEITUNG DURCH BROWSER<\/h2>\n<p>a) Beim Besuch der Website<\/p>\n<p>Im Allgemeinen m\u00fcssen Sie Ihre Identit\u00e4t nicht preisgeben, wenn Sie unsere Website besuchen, ohne eine Transaktion abzuschlie\u00dfen. Wie bei Websites \u00fcblich, erhebt unser Server automatisch die folgenden Daten und speichert sie tempor\u00e4r in den vom Browser \u00fcbermittelten Server-Log-Files, sofern Sie diese nicht deaktivieren:<\/p>\n<ul>\n<li>Browsertyp und -version;<\/li>\n<li>Betriebssystem des anfragenden Computers;<\/li>\n<li>Dateianfrage vom anfragenden Computer erhalten;<\/li>\n<li>http-Antwort-Code;<\/li>\n<li>Verweisende URL, d.h. die zuletzt besuchte Seite;<\/li>\n<li>IP-Adresse des anfragenden Computers; und<\/li>\n<li>Uhrzeit der Serveranfrage<\/li>\n<\/ul>\n<p>Die Server-Logdateien werden nicht auf personenbezogene Daten ausgewertet. Eine Zuordnung von personenbezogenen Daten zu bestimmten Personen oder eine Zusammenf\u00fchrung dieser Daten mit Daten aus anderen Quellen findet zu keinem Zeitpunkt statt, mit Ausnahme der mit Ihrer Bestellung verbundenen IP-Adresse, die wir bei Ihrer Bestellung in unserem Online-Shop speichern.<\/p>\n<p>Zur Optimierung dieser Website und zur bedarfsgerechten Gestaltung werden anonymisierte Daten erhoben und gespeichert und aus diesen Daten Nutzungsprofile unter Verwendung von Pseudonymen erstellt. Zu diesem Zweck k\u00f6nnen wir Cookies verwenden, um die zuk\u00fcnftige Wiedererkennung eines Internet-Browsers zu erleichtern. Ohne Ihre ausdr\u00fcckliche Zustimmung werden wir jedoch kein Nutzerprofil mit Daten \u00fcber den Tr\u00e4ger eines Pseudonyms zusammenf\u00fchren. Insbesondere anonymisieren wir IP-Adressen direkt. Dies macht die Zuordnung von Benutzerprofilen zu IP-Adressen unm\u00f6glich. Sie k\u00f6nnen der Erhebung und Speicherung Ihrer Daten jederzeit mit Wirkung f\u00fcr die Zukunft widersprechen.<\/p>\n<p>Die Rechtsgrundlage f\u00fcr die Datenverarbeitung ist Art. 6 Abs. 1 Satz 1 Buchst. eine DSGVO.<br \/>\nUnser berechtigtes Interesse ergibt sich aus den oben genannten Zwecken der Datenerhebung.<\/p>\n<p>Unter den gegebenen Umst\u00e4nden erheben wir die Daten nicht zu dem Zweck, R\u00fcckschl\u00fcsse auf Ihre Person zu ziehen. Dar\u00fcber hinaus verwenden wir Cookies und Analysedienste, wenn Sie unsere Website besuchen. N\u00e4here Erl\u00e4uterungen finden Sie in den Abschnitten 4 und 5 dieser Datenschutzerkl\u00e4rung.<\/p>\n<p>b) Bei der Anmeldung zu unserem Newsletter<\/p>\n<p>Wenn Sie Ihre ausdr\u00fcckliche Zustimmung nach Art. 6 Abs. 1 Satz 1 Buchst. eine DSGVO. Wir werden Ihre E-Mail-Adresse verwenden, um Ihnen regelm\u00e4\u00dfig unseren Newsletter zuzusenden. F\u00fcr den Empfang des Newsletters ist die Angabe einer E-Mail-Adresse ausreichend. Sie k\u00f6nnen diesen Newsletter jederzeit wieder abbestellen, zum Beispiel \u00fcber einen Link am Ende jedes Newsletters. Alternativ k\u00f6nnen Sie Ihre Abmeldung von diesen Diensten auch jederzeit per E-Mail an <a href=\"mailto:info@malanga.eu\">info@malanga.eu<\/a> senden.<\/p>\n<p>c) Bei Verwendung unseres Kontaktformulars<\/p>\n<p>Wenn Sie Fragen haben, bieten wir Ihnen die M\u00f6glichkeit, mit uns Kontakt aufzunehmen, indem Sie das auf der Website bereitgestellte Formular verwenden. Eine g\u00fcltige E-Mail-Adresse ist erforderlich, damit wir wissen, wer die Anfrage gesendet hat und darauf antworten k\u00f6nnen. Weitere Informationen k\u00f6nnen auf freiwilliger Basis erteilt werden.<br \/>\nDie Datenverarbeitung zum Zwecke der Kontaktaufnahme mit uns erfolgt gem\u00e4\u00df Art. 6 Abs. 1.S. 1 Lit. DSGVO auf der Grundlage Ihrer freiwilligen Zustimmung. Die f\u00fcr die Benutzung des Kontaktformulars von uns \u00fcbermittelten Daten werden nach Erledigung der von Ihnen gestellten Anfrage automatisch gel\u00f6scht.<\/p>\n<h2>3. WEITERGABE VON DATEN AN DRITTE<\/h2>\n<p>Wir werden die uns von Ihnen zur Verf\u00fcgung gestellten personenbezogenen Daten nicht ohne Ihre ausdr\u00fcckliche vorherige Zustimmung an Dritte weitergeben (siehe Punkt 3). Es sei denn, eine solche Weitergabe ist f\u00fcr die Bearbeitung Ihrer Anfragen und Bestellungen oder im Zusammenhang mit Ihrer Nutzung unserer Dienste erforderlich. In diesem Fall werden Ihre Daten an unsere Subunternehmer weitergegeben, die die Daten nur zur Erf\u00fcllung der jeweiligen Auftr\u00e4ge verwenden, z.B. zum Versand von Waren oder zur Zahlungsabwicklung. Ihre Daten k\u00f6nnen aus den unten genannten Gr\u00fcnden an die folgenden Organisationen \u00fcbermittelt werden:<\/p>\n<ul>\n<li>im Rahmen der Auftragsdatenverarbeitung an Dienstleister gem\u00e4\u00df den Bestimmungen des Bundesdatenschutzgesetzes oder zur Erf\u00fcllung unserer gesetzlichen Pflichten an auskunftsberechtigte Stellen.<\/li>\n<li>Sie haben Ihre Zustimmung gem\u00e4\u00df Art. 6 Abs. 1 S 1lit. DSGVO,<\/li>\n<li>Die Offenlegung gem\u00e4\u00df Art. 6 Abs. 1S 1 lit. DSGVO zur Geltendmachung, Aus\u00fcbung oder Verteidigung von Rechtsanspr\u00fcchen erforderlich und es besteht kein Grund zu der Annahme, dass Sie ein \u00fcberwiegendes berechtigtes Interesse an der Weitergabe Ihrer Daten haben,<\/li>\n<li>F\u00fcr den Fall, dass zur Weitergabe der gesetzlichen Verpflichtung gem\u00e4\u00df Art. 6 Abs. 1 S 1 lit. DSGVO als auch,<\/li>\n<li>Dies ist rechtlich zul\u00e4ssig und nach Art.6 Absatz. 1 S 1 lit. b DSGVO ist f\u00fcr die Abwicklung von Vertragsverh\u00e4ltnissen mit Ihnen erforderlich.<\/li>\n<\/ul>\n<h2>4. VERWENDUNG VON COOKIES<\/h2>\n<p>Diese Website verwendet Cookies, um sie benutzerfreundlicher, effektiver und sicherer zu machen. Cookies sind kleine Textdateien, die auf Ihrem Computer installiert und von Ihrem Browser gespeichert werden. Die meisten Browser verwenden standardm\u00e4\u00dfig Cookies. In den Sicherheitseinstellungen Ihres Computers k\u00f6nnen Sie das Speichern von Cookies separat zulassen oder verbieten. Wenn Sie Cookies deaktivieren, k\u00f6nnen Sie m\u00f6glicherweise einige Funktionen unserer Website nicht nutzen und einige Websites werden m\u00f6glicherweise nicht korrekt angezeigt. Neben tempor\u00e4ren Cookies, die nur f\u00fcr die Dauer Ihres Besuchs auf unserer Website g\u00fcltig sind, verwenden wir Cookies, die auf Ihrem Computer zeitlich unbegrenzt gespeichert und verwendet werden und die von Ihnen jederzeit gel\u00f6scht werden k\u00f6nnen. Um permanente Cookies zu l\u00f6schen oder zu vermeiden, folgen Sie bitte den Anweisungen in der Hilfefunktion Ihres Browsers. Cookies beeintr\u00e4chtigen Ihren Computer nicht, enthalten keine Viren und keine personenbezogenen Daten, und die in ihnen gespeicherten Informationen werden nicht mit Ihrem Namen, Ihrer Adresse oder anderen personenbezogenen Daten verkn\u00fcpft. Werbung und zielgerichtete Cookies;<br \/>\nWir verwenden diese Cookies, um sicherzustellen, dass die von uns bereitgestellten Informationen zu Ihnen und Ihren Interessen passen. Dar\u00fcber hinaus verwenden wir sie, um die H\u00e4ufigkeit bestimmter Werbe-Pop-ups und den Erfolg von Werbekampagnen zu ermitteln. Werbe- und Targeting-Cookies sind Cookies, die von Dritten mit unserer Zustimmung gesetzt werden. Die in den Cookies gespeicherten Informationen beziehen sich auf die Tatsache, dass Sie unsere Website besucht haben, und diese Informationen werden mit anderen Anbietern geteilt. Werbe- und Targeting-Cookies k\u00f6nnen mit den Funktionen bestimmter Inhalte Dritter verkn\u00fcpft sein. Diese Cookies sind notwendig, damit Sie unsere Website nutzen k\u00f6nnen, und sie erm\u00f6glichen es Ihnen, alle Inhalte und Funktionen unserer Website zu nutzen, z. B. k\u00f6nnen Sie sich f\u00fcr bestimmte Bereiche unserer Website registrieren oder anmelden, und sie erm\u00f6glichen es uns, Ihnen einen Warenkorb f\u00fcr Ihre Bestellungen zur Verf\u00fcgung zu stellen. Diese Cookies sind notwendig, damit Sie die auf unserer Website angebotenen Dienste nutzen k\u00f6nnen.<br \/>\nDiese Cookies sammeln statistische Informationen \u00fcber die Nutzung unserer Website, einschlie\u00dflich der am h\u00e4ufigsten besuchten Seiten und das Auftreten von Fehlern. Performance-Cookies sammeln keine Informationen, die dazu verwendet werden k\u00f6nnen, Sie als Nutzer zu identifizieren. Die in diesen Cookies gespeicherten Informationen werden f\u00fcr uns aggregiert und anonymisiert. Wir verwenden Performance-Cookies nur, um die Leistung unserer Website zu verbessern.<br \/>\nFunktionale Cookies speichern die Einstellungen, die Sie zur Anzeige unserer Website verwenden, einschlie\u00dflich Login, Sprache, Region usw. Sie enthalten keine weiteren Informationen und k\u00f6nnen von Dritten nicht gelesen werden. In den Einstellungen Ihres Browsers k\u00f6nnen Sie w\u00e4hlen, ob Sie Cookies zulassen oder vermeiden m\u00f6chten. Um Ihre Einstellungen anzupassen, lesen Sie bitte in der Dokumentation Ihres Browsers nach.<\/p>\n<h2>  5. IHRE RECHTE UND KONTAKTINFORMATIONEN ZUM DATENSCHUTZ<\/h2>\n<p>Als betroffene Person haben Sie die folgenden Rechte:<\/p>\n<ul>\n<li>Gem\u00e4\u00df Art. 15 DSGVO haben Sie das Recht, Auskunft \u00fcber die von uns verarbeiteten personenbezogenen Daten in dem dort genannten Umfang zu verlangen;<\/li>\n<li>gem\u00e4\u00df Art. 16 GDPR haben Sie das Recht, unverz\u00fcglich die Berichtigung unrichtiger personenbezogener Daten oder die Vervollst\u00e4ndigung der bei uns gespeicherten personenbezogenen Daten zu verlangen;<\/li>\n<li>Gem\u00e4\u00df Art. 17 DSGVO haben Sie das Recht, die L\u00f6schung Ihrer bei uns gespeicherten personenbezogenen Daten zu verlangen, es sei denn, die weitere Verarbeitung ist zur Aus\u00fcbung des Rechts auf freie Meinungs\u00e4u\u00dferung und Information, zur Erf\u00fcllung einer rechtlichen Verpflichtung, aus Gr\u00fcnden des \u00f6ffentlichen Interesses oder zur Geltendmachung, Aus\u00fcbung oder Verteidigung von Rechtsanspr\u00fcchen erforderlich<\/li>\n<li>Gem\u00e4\u00df Art. 18 DSGVO haben Sie das Recht, die Einschr\u00e4nkung der Verarbeitung Ihrer personenbezogenen Daten zu verlangen, sofern die Richtigkeit der Daten von Ihnen bestritten wird; die Verarbeitung rechtswidrig ist, Sie aber deren L\u00f6schung ablehnen; wir die Daten nicht mehr ben\u00f6tigen, Sie diese aber zur Geltendmachung, Aus\u00fcbung oder Verteidigung von Rechtsanspr\u00fcchen ben\u00f6tigen, oder Sie Widerspruch gegen die Verarbeitung gem\u00e4\u00df Art. 21 GDPR EINGELEGT;<\/li>\n<li>Gem\u00e4\u00df Art. 20 GDPR haben Sie das Recht, Ihre personenbezogenen Daten, die Sie uns zur Verf\u00fcgung gestellt haben, in einem strukturierten, g\u00e4ngigen und maschinenlesbaren Format zu erhalten oder die \u00dcbermittlung an einen anderen Verantwortlichen zu verlangen;<\/li>\n<li>Gem\u00e4\u00df Art. 77 GDPR haben Sie das Recht, sich bei einer Aufsichtsbeh\u00f6rde zu beschweren. In der Regel k\u00f6nnen Sie sich an die Aufsichtsbeh\u00f6rde Ihres \u00fcblichen Wohn- oder Arbeitsortes oder an unseren Firmensitz wenden.<\/li>\n<\/ul>\n<p>Bei Fragen zur Erhebung, Verarbeitung oder Nutzung Ihrer personenbezogenen Daten, bei Ausk\u00fcnften, Berichtigung, Sperrung, Verarbeitung oder L\u00f6schung von Daten sowie Widerruf erteilter Einwilligungen oder Widerspruch gegen eine bestimmte Datenverwendung und bei Fragen zum Recht auf Daten\u00fcbertragbarkeit wenden Sie sich bitte an unseren betrieblichen Datenschutzbeauftragten:<\/p>\n<h2>6. WIDERSPRUCHSRECHTE<\/h2>\n<p>Wenn Ihre pers\u00f6nlichen Daten auf der Grundlage eines berechtigten Interesses im Sinne von Art. 6 Abs. 1 S. 1 lit. f DSGVO bei der Verarbeitung haben Sie das Recht auf Widerspruch gegen die Verarbeitung Ihrer personenbezogenen Daten nach Art. 21. DSGVO, aber nur, wenn es eine besondere Situation oder M\u00f6glichkeit gibt, den Postversand zu beurteilen. Sie haben ein allgemeines Widerspruchsrecht, das von uns ohne n\u00e4here Angaben umgesetzt wird. Wenn Sie von Ihrem Widerrufs- oder Widerspruchsrecht Gebrauch machen m\u00f6chten, senden Sie bitte eine E-Mail an <a href=\"mailto:info@malanga.eu\">info@malanga.eu.<\/a><\/p>\n<h2>7. DATENSCHUTZ<\/h2>\n<p>Wir sichern unsere Website und sonstigen Systeme durch technische und organisatorische Ma\u00dfnahmen gegen Verlust, Zerst\u00f6rung, Zugriff, Ver\u00e4nderung oder Verbreitung Ihrer Daten durch unbefugte Personen, etwa bei der Einrichtung des malanga.eu-Kontos oder einem sp\u00e4teren Login durch eine SSL-Verschl\u00fcsselung. Wenn Sie unsere Website besuchen, verwenden wir das beliebte SSL-Verfahren (Secure Socket Layer) mit der h\u00f6chsten Verschl\u00fcsselungsstufe, die Ihr Browser unterst\u00fctzt.<br \/>\nIm Allgemeinen bedeutet dies eine 256-Bit-Verschl\u00fcsselung. Sollte Ihr Browser jedoch keine 256-Bit-Verschl\u00fcsselung unterst\u00fctzen, verwenden wir stattdessen die 128-Bit-v3-Technologie. Eine einzelne Seite unseres Internetauftritts erreichen Sie durch die geschlossene Darstellung des Schl\u00fcssel- oder Schloss-Symbols im Status Ihres Browsers. Dar\u00fcber hinaus setzen wir angemessene technische und organisatorische Sicherheitsma\u00dfnahmen ein, um Ihre Daten gegen jegliche Art der Manipulation und gegen den unbefugten Zugriff Dritter zu sch\u00fctzen.<\/p>\n<h2>8. ERKL\u00c4RUNG \u00dcBER \u00c4NDERUNGEN UND AKTUALISIERUNGEN DES DATENSCHUTZES<\/h2>\n<p>Die Datenschutzerkl\u00e4rung ist aktuell g\u00fcltig und hat den Stand Mai 2018. Durch die Weiterentwicklung unserer Website und Angebote kann es notwendig werden, diese Datenschutzerkl\u00e4rung zu \u00e4ndern, wenn sich gesetzliche oder beh\u00f6rdliche Anforderungen \u00e4ndern. Die aktuelle Datenschutzerkl\u00e4rung kann jederzeit auf dieser Website abgerufen werden.<\/p>\n<\/div>\n\n<\/div>\n\n<\/div>\n\n<\/section>","protected":false},"excerpt":{"rendered":"","protected":false},"author":1,"featured_media":0,"parent":0,"menu_order":0,"comment_status":"closed","ping_status":"closed","template":"","meta":{"_acf_changed":false,"inline_featured_image":false,"footnotes":""},"class_list":["post-1746","page","type-page","status-publish","hentry"],"acf":false,"yoast_head":"<!-- This site is optimized with the Yoast SEO plugin v23.0 - https:\/\/yoast.com\/wordpress\/plugins\/seo\/ -->\n<title>Datenschutzbestimmungen - Malanga<\/title>\n<meta name=\"robots\" content=\"index, follow, max-snippet:-1, max-image-preview:large, max-video-preview:-1\" \/>\n<link rel=\"canonical\" href=\"https:\/\/malanga.eu\/de\/datenschutzbestimmungen\/\" \/>\n<meta property=\"og:locale\" content=\"de_DE\" \/>\n<meta property=\"og:type\" content=\"article\" \/>\n<meta property=\"og:title\" content=\"Datenschutzbestimmungen - Malanga\" \/>\n<meta property=\"og:url\" content=\"https:\/\/malanga.eu\/de\/datenschutzbestimmungen\/\" \/>\n<meta property=\"og:site_name\" content=\"Malanga\" \/>\n<meta property=\"article:modified_time\" content=\"2024-01-31T16:45:52+00:00\" \/>\n<meta name=\"twitter:card\" content=\"summary_large_image\" \/>\n<script type=\"application\/ld+json\" class=\"yoast-schema-graph\">{\"@context\":\"https:\/\/schema.org\",\"@graph\":[{\"@type\":\"WebPage\",\"@id\":\"https:\/\/malanga.eu\/de\/datenschutzbestimmungen\/\",\"url\":\"https:\/\/malanga.eu\/de\/datenschutzbestimmungen\/\",\"name\":\"Datenschutzbestimmungen - Malanga\",\"isPartOf\":{\"@id\":\"https:\/\/malanga.eu\/de\/#website\"},\"datePublished\":\"2024-01-31T16:25:26+00:00\",\"dateModified\":\"2024-01-31T16:45:52+00:00\",\"breadcrumb\":{\"@id\":\"https:\/\/malanga.eu\/de\/datenschutzbestimmungen\/#breadcrumb\"},\"inLanguage\":\"de\",\"potentialAction\":[{\"@type\":\"ReadAction\",\"target\":[\"https:\/\/malanga.eu\/de\/datenschutzbestimmungen\/\"]}]},{\"@type\":\"BreadcrumbList\",\"@id\":\"https:\/\/malanga.eu\/de\/datenschutzbestimmungen\/#breadcrumb\",\"itemListElement\":[{\"@type\":\"ListItem\",\"position\":1,\"name\":\"Home\",\"item\":\"https:\/\/malanga.eu\/de\/\"},{\"@type\":\"ListItem\",\"position\":2,\"name\":\"Datenschutzbestimmungen\"}]},{\"@type\":\"WebSite\",\"@id\":\"https:\/\/malanga.eu\/de\/#website\",\"url\":\"https:\/\/malanga.eu\/de\/\",\"name\":\"Malanga\",\"description\":\"\",\"potentialAction\":[{\"@type\":\"SearchAction\",\"target\":{\"@type\":\"EntryPoint\",\"urlTemplate\":\"https:\/\/malanga.eu\/de\/?s={search_term_string}\"},\"query-input\":\"required name=search_term_string\"}],\"inLanguage\":\"de\"}]}<\/script>\n<!-- \/ Yoast SEO plugin. -->","yoast_head_json":{"title":"Datenschutzbestimmungen - Malanga","robots":{"index":"index","follow":"follow","max-snippet":"max-snippet:-1","max-image-preview":"max-image-preview:large","max-video-preview":"max-video-preview:-1"},"canonical":"https:\/\/malanga.eu\/de\/datenschutzbestimmungen\/","og_locale":"de_DE","og_type":"article","og_title":"Datenschutzbestimmungen - Malanga","og_url":"https:\/\/malanga.eu\/de\/datenschutzbestimmungen\/","og_site_name":"Malanga","article_modified_time":"2024-01-31T16:45:52+00:00","twitter_card":"summary_large_image","schema":{"@context":"https:\/\/schema.org","@graph":[{"@type":"WebPage","@id":"https:\/\/malanga.eu\/de\/datenschutzbestimmungen\/","url":"https:\/\/malanga.eu\/de\/datenschutzbestimmungen\/","name":"Datenschutzbestimmungen - Malanga","isPartOf":{"@id":"https:\/\/malanga.eu\/de\/#website"},"datePublished":"2024-01-31T16:25:26+00:00","dateModified":"2024-01-31T16:45:52+00:00","breadcrumb":{"@id":"https:\/\/malanga.eu\/de\/datenschutzbestimmungen\/#breadcrumb"},"inLanguage":"de","potentialAction":[{"@type":"ReadAction","target":["https:\/\/malanga.eu\/de\/datenschutzbestimmungen\/"]}]},{"@type":"BreadcrumbList","@id":"https:\/\/malanga.eu\/de\/datenschutzbestimmungen\/#breadcrumb","itemListElement":[{"@type":"ListItem","position":1,"name":"Home","item":"https:\/\/malanga.eu\/de\/"},{"@type":"ListItem","position":2,"name":"Datenschutzbestimmungen"}]},{"@type":"WebSite","@id":"https:\/\/malanga.eu\/de\/#website","url":"https:\/\/malanga.eu\/de\/","name":"Malanga","description":"","potentialAction":[{"@type":"SearchAction","target":{"@type":"EntryPoint","urlTemplate":"https:\/\/malanga.eu\/de\/?s={search_term_string}"},"query-input":"required name=search_term_string"}],"inLanguage":"de"}]}},"_links":{"self":[{"href":"https:\/\/malanga.eu\/de\/wp-json\/wp\/v2\/pages\/1746","targetHints":{"allow":["GET"]}}],"collection":[{"href":"https:\/\/malanga.eu\/de\/wp-json\/wp\/v2\/pages"}],"about":[{"href":"https:\/\/malanga.eu\/de\/wp-json\/wp\/v2\/types\/page"}],"author":[{"embeddable":true,"href":"https:\/\/malanga.eu\/de\/wp-json\/wp\/v2\/users\/1"}],"replies":[{"embeddable":true,"href":"https:\/\/malanga.eu\/de\/wp-json\/wp\/v2\/comments?post=1746"}],"version-history":[{"count":1,"href":"https:\/\/malanga.eu\/de\/wp-json\/wp\/v2\/pages\/1746\/revisions"}],"predecessor-version":[{"id":1747,"href":"https:\/\/malanga.eu\/de\/wp-json\/wp\/v2\/pages\/1746\/revisions\/1747"}],"wp:attachment":[{"href":"https:\/\/malanga.eu\/de\/wp-json\/wp\/v2\/media?parent=1746"}],"curies":[{"name":"wp","href":"https:\/\/api.w.org\/{rel}","templated":true}]}}