{"id":6124,"date":"2024-02-28T13:41:34","date_gmt":"2024-02-28T13:41:34","guid":{"rendered":"https:\/\/malanga.eu\/?page_id=6124"},"modified":"2024-04-22T17:45:27","modified_gmt":"2024-04-22T17:45:27","slug":"bedingungen-und-konditionen","status":"publish","type":"page","link":"https:\/\/malanga.eu\/de\/bedingungen-und-konditionen\/","title":{"rendered":"Bedingungen und Konditionen"},"content":{"rendered":"\n\n\n<section class=\"page-header fullwidth  \">\n    <div class=\"widewidth page-header__wrapper\">\n        <div class=\"page-header__breadcrumbs\">\n            <p class=\"bn-breadcrumbs\"><span><span><a href=\"https:\/\/malanga.eu\/de\/\">Home<\/a><\/span><\/span><\/p>        <\/div>\n        <div class=\"page-header__content\">\n            <div class=\"page-header__content--title\">\n                <h1 class=\"--decoration\">AGB<\/h1>\n            <\/div>\n                    <\/div>\n    <\/div>\n\n<\/section>\n\n\n<style>\n    \/* mobile *\/\n    .bcg-Y1Xrlmlity {\n            }\n\n    \/* desktop *\/\n    @media (min-width: 576px) {\n        .bcg-Y1Xrlmlity {\n            background-image: url('');\n        }\n    }\n<\/style>\n<section  class=\"section bcg-Y1Xrlmlity boxwidth flex vertical vertical__center      \">\n        \n\n<style>\n    \/* mobile *\/\n    .bcg-AHGfkKRGwG {\n            }\n\n    \/* desktop *\/\n    @media (min-width: 576px) {\n        .bcg-AHGfkKRGwG {\n            background-image: url('');\n        }\n    }\n<\/style>\n\n<div  class=\"bcg-AHGfkKRGwG  boxwidth grid-row       --default-padding  \">\n        \n\n\n\n<div class=\"grid-xxs-col-1-13 grid-sm-col-2-12     \">\n    \n\n<div class=\"bn-wysiwyg     \">\n    <h2>1. GELTUNGSBEREICH<\/h2>\n<p>Diese Allgemeinen Gesch\u00e4ftsbedingungen gelten f\u00fcr alle Gro\u00dfhandels-K\u00e4ufe bzw. Bestellungen von textilen und nicht-textilen Waren (im Weiteren \u201eKaufgegenstand\u201c) durch Unternehmer (im Weiteren einheitlich \u201eK\u00e4ufer\u201c). Unternehmer ist gem. \u00a7 14 BGB eine nat\u00fcrliche oder juristische Person oder eine rechtsf\u00e4hige Personengesellschaft, die bei Abschluss eines Rechtsgesch\u00e4fts in Aus\u00fcbung ihrer gewerblichen oder selbst\u00e4ndigen beruflichen T\u00e4tigkeit handelt.<br \/>\nVerwender dieser Allgemeinen Gesch\u00e4ftsbedingungen ist Herr Andreas Mikolas, handelnd unter Malanga, gesch\u00e4ftsans\u00e4ssig: Osnabr\u00fccker Stra\u00dfe 30, 10589 Berlin, Kontakt: Tel: +49 (0) 30 34540248, Fax: +49 (0) 30 34540247, E-Mail: info@malanga.eu (im Weiteren einheitlich \u201eVerk\u00e4ufer\u201c).<br \/>\nDiese AGB gelten auch f\u00fcr k\u00fcnftige Gesch\u00e4ftsbeziehungen, ohne dass hierauf nochmals hingewiesen werden muss. Es gilt der AGB-Stand zum Zeitpunkt der Bestellung. Abweichungen von diesen Gesch\u00e4ftsbedingungen sind nur wirksam, wenn der Verk\u00e4ufer sie schriftlich best\u00e4tigt.<br \/>\nSp\u00e4testens mit der Entgegennahme der Ware gelten diese Bedingungen als angenommen.<br \/>\nVerwendet der K\u00e4ufer entgegenstehende oder erg\u00e4nzende Allgemeine Gesch\u00e4ftsbedingungen, wird deren Geltung hiermit widersprochen. Sie werden nur dann Vertragsbestandteil, wenn dem ausdr\u00fccklich schriftlich zugestimmt wird. Dies gilt insbesondere f\u00fcr Gegenbest\u00e4tigungen des K\u00e4ufers unter Hinweis auf seine Gesch\u00e4fts- bzw. Einkaufsbedingungen.<\/p>\n<h2>2. VERTRAGSSPRACHE<\/h2>\n<p>Vertragssprache ist ausschlie\u00dflich deutsch.<\/p>\n<h2>3. KAUFGEGENSTAND<\/h2>\n<p>Kaufgegenstand sind keine Einzelwaren, sondern durch Lotnummern gekennzeichnete Zusammenstellungen (\u201eStocks\u201c), insbesondere von Kleidungsst\u00fccken, Unterw\u00e4sche, Taschen, Uhren und Schuhen (\u201ePaketverkauf\u201c).<br \/>\nArt, G\u00fcte, Zusammenstellung und Umfang der angebotenen Pakete werden unter der jeweiligen Lotnummer durch den Verk\u00e4ufer beschrieben. Das Angebot umfasst als Rest- oder Sonderposten, Insolvenz-, R\u00fcckl\u00e4ufer-, \u00dcberschuss- und Auslauf- oder B-Ware (Sachen mit kleineren M\u00e4ngeln, die die Gebrauchsf\u00e4higkeit jedoch nicht einschr\u00e4nken) gekennzeichnete Markenware, die ausschlie\u00dflich<br \/>\nf\u00fcr Gro\u00df- und Einzelh\u00e4ndler bestimmt ist. B-Ware wird ausdr\u00fccklich nicht als Neu-, sondern als Gebrauchtware verkauft. Ware, die keine ausdr\u00fcckliche Kennzeichnung enth\u00e4lt, ist B-Ware.<\/p>\n<h2>4. BESTELLVORGANG UND VERTRAGSSCHLUSS<\/h2>\n<p>Der Vertrag zwischen K\u00e4ufer und Verk\u00e4ufer wird nicht online \u00fcber die Web-Seite des Verk\u00e4ufers geschlossen.<br \/>\nDer Bestellvorgang des K\u00e4ufers verl\u00e4uft \u2013 mit Ausnahme des Direktverkaufs \u2013 wie nachbezeichnet beschrieben und untergliedert sich in folgende Schritte:<br \/>\nDer K\u00e4ufer orientiert sich \u00fcber das unter der Web-Seite des Verk\u00e4ufers (www.malanga.eu) angebotene Sortiment. Das Produktangebot untergliedert sich in die durch klickbare Bildsymbole gekennzeichneten Bereiche \u201eAccessoires\u201c, \u201eSchuhe\u201c und \u201eUnterw\u00e4sche\u201c. Nach anklicken eines Bildsymbols werden die jeweiligen durch Lotnummern gekennzeichnete Stocks mit einem klickbaren Beispielfoto angezeigt. Das Angebot ist unverbindlich.<br \/>\nAngaben \u00fcber Kaufpreis und Lieferstatus eines Stocks erh\u00e4lt lediglich der als solcher registrierte und angemeldete K\u00e4ufer. \u00dcber die Schaltfl\u00e4che \u201eAnmelden \u201c kann der registrierte K\u00e4ufer unter Nutzung seiner E-Mail-Adresse und eines zuvor von ihm gew\u00e4hlten Passworts den Log-In vollziehen oder sich \u00fcber die Schaltfl\u00e4che \u201eRegistrieren\u201c als Neu-Kunde registrieren. Nach erfolgtem Log-In \u00fcbermittelt der K\u00e4ufer sein Informationsverlangen zu einem oder mehrerer Stocks an den Verk\u00e4ufer, indem er das jeweilige Beispielfoto anklickt und weiter die Schaltfl\u00e4che \u201eAuf die Anfrage-Liste\u201c setzen bet\u00e4tigt. Nach erfolgter Versendung der Anfrage-Liste \u00fcbersendet der Verk\u00e4ufer dem K\u00e4ufer sodann einen Bestellschein. Dieser enth\u00e4lt s\u00e4mtlichen kaufvertragsrelevanten Angaben zu dem von dem K\u00e4ufer gew\u00e4hlten Kaufgegenstand (\u201ewesentliche Merkmale\u201c, wie bspw. Art, G\u00fcte, bzw. Gewicht) sowie \u2013 je nach Vereinbarung \u2013 ggf. zu den voraussichtlichen Versandkosten. Die Zusendung des Bestellscheins stellt hierbei noch kein rechtsverbindliches Angebot des Verk\u00e4ufers auf Abschluss eines Kaufvertrages dar.<br \/>\nNach \u00dcberpr\u00fcfung der Angaben zu Kaufgegenstand, -preis und sonstigen Bedingungen unterzeichnet der K\u00e4ufer entweder den Bestellschein und \u00fcbersendet diesen per Fax, Briefpost oder auf elektronischem Wege (Mail) an den Verk\u00e4ufer oder er best\u00e4tigt dessen Richtigkeit gegen\u00fcber dem Verk\u00e4ufer per E-Mail. Diese Bestellung stellt ein bindendes Angebot des K\u00e4ufers gegen\u00fcber dem Verk\u00e4ufer zum Abschluss eines Kaufvertrages dar. Der K\u00e4ufer ist an sein Angebot 14 Tage ab Versand gebunden.<br \/>\nDer Kaufvertrag zwischen K\u00e4ufer und Verk\u00e4ufer kommt unmittelbar durch Zusendung des Kaufgegenstandes oder durch Zugang einer Auftragsbest\u00e4tigung bzw. Rechnung (Annahme) des Verk\u00e4ufers beim K\u00e4ufer zu Stande. Diese wird per Fax, Briefpost oder auf elektronischem Wege durch den Verk\u00e4ufer versandt. Die Entscheidung dar\u00fcber, ob eine Bestellung angenommen wird, liegt im freien Ermessen des Verk\u00e4ufers. Sofern eine Bestellung aus irgendeinem Grund nicht angenommen oder ausgef\u00fchrt werden kann, teilt der Verk\u00e4ufer dem K\u00e4ufer dies umgehend mit. Bereits vom K\u00e4ufer geleistete Zahlungen werden in einem solchen Fall umgehend vom Verk\u00e4ufer erstattet.<br \/>\nF\u00fcr den Direktverkauf in den Gesch\u00e4ftsr\u00e4umen des Verk\u00e4ufers gelten die allgemeinen Vertragsgrunds\u00e4tze von Angebot und Annahme gem. BGB, wobei das Angebot stets vom K\u00e4ufer ausgeht.<br \/>\nVertragspartner des K\u00e4ufers ist Herr Andreas Mikolas, handelnd unter Malanga.<\/p>\n<h2>5. PREISE; LIEFERKOSTEN<\/h2>\n<p>S\u00e4mtliche Preise sind Netto-Preise und verstehen sich in Euro. Die M\u00f6glichkeit zum Skontoabzug besteht nicht.<br \/>\nIst Gegenstand des Kaufs die Anlieferung in L\u00e4nder au\u00dferhalb der Europ\u00e4ischen Union oder mit deren Zollgebiet verbundenen Staaten, tr\u00e4gt der K\u00e4ufer etwaig anfallende Z\u00f6lle bzw. gleichwirkende Abgaben.<br \/>\nZus\u00e4tzlich zum Kaufpreis hat der K\u00e4ufer etwaig f\u00fcr ihn verauslagte Kosten f\u00fcr den Versand des Kaufgegenstands zu tragen. Etwaige im Rahmen des Bestellvorgangs vom Verk\u00e4ufer angegebene Versand- und Handlingkosten sind stets unverbindlich.<\/p>\n<h2>6. ZAHLUNG, F\u00c4LLIGKEIT<\/h2>\n<p>Mit der Auftragsbest\u00e4tigung erh\u00e4lt der K\u00e4ufer eine Rechnung. Der Rechnungsbetrag ist sofort zur Zahlung f\u00e4llig. Der K\u00e4ufer ist zur Zahlung per Vorauskasse (\u00dcberweisung) verpflichtet. Alternativ kann der K\u00e4ufer den Kaufgegenstand bei Abholung in bar bezahlen.<br \/>\nSollte der Kaufpreiszahlungsanspruch des Verk\u00e4ufers nicht innerhalb von sieben Tagen ab Vertragsschluss erf\u00fcllt sein, ist der K\u00e4ufer zum R\u00fccktritt vom Kaufvertrag berechtigt. F\u00fcr den Fall der \u00dcberweisung tritt Erf\u00fcllung erst mit Gutschrift des \u00dcberweisungsbetrags auf dem Gesch\u00e4ftsgirokonto des Verk\u00e4ufers ein.<\/p>\n<h2>7. EIGENTUMSVORBEHALT<\/h2>\n<p>Bis zur vollst\u00e4ndigen Bezahlung bleibt der Kaufgegenstand Eigentum des Verk\u00e4ufers. Der Eigentumsvorbehalt gilt auch f\u00fcr Forderungen, die der Verk\u00e4ufer aus den laufenden Gesch\u00e4ftsbeziehungen gegen\u00fcber dem K\u00e4ufer hat. \u00dcbersteigt der Wert des vorgenannten Eigentumsvorbehaltes die zu sichernde(n) Forderung(en) um mehr als 10%, so wird der Verk\u00e4ufer die dar\u00fcber hinaus gehenden Sicherheiten auf Antrag freigeben.<\/p>\n<h2>8. AUFRECHNUNG, ZUR\u00dcCKBEHALTUNG<\/h2>\n<p>Ein Recht zur Aufrechnung steht dem K\u00e4ufer nur zu, wenn seine Gegenanspr\u00fcche rechtskr\u00e4ftig festgestellt oder vom Verk\u00e4ufer schriftlich anerkannt sind.<br \/>\nZur Aus\u00fcbung eines Zur\u00fcckbehaltungsrechtes ist der K\u00e4ufer nur insoweit befugt, als sein Gegenanspruch auf dem gleichen Vertragsverh\u00e4ltnis beruht.<\/p>\n<h2>9. LIEFERUNG, VERSAND<\/h2>\n<p>Der K\u00e4ufer ist verantwortlich f\u00fcr die Organisation sowie die Durchf\u00fchrung des Versands. Die Versendungen des Kaufgegenstands erfolgt stets auf Rechnung und Gefahr des Kunden, selbst wenn der Verk\u00e4ufer dem K\u00e4ufer beim Transport behilflich ist.<br \/>\nDie Gefahr eines zuf\u00e4lligen Untergangs oder einer zuf\u00e4lligen Verschlechterung des Kaufgegenstands geht mit dessen \u00dcbergabe an den Spediteur, dem Frachtf\u00fchrer oder der sonst zur Ausf\u00fchrung der Versendung bestimmten Person oder Anstalt bzw. frei Rampe auf den K\u00e4ufer \u00fcber. F\u00e4lle h\u00f6herer Gewalt sowie Streiks und andere unabwendbare Ereignisse befreien den Verk\u00e4ufer von der Lieferverpflichtung.<br \/>\nDie Lieferzeit des Kaufgegenstands wird dem K\u00e4ufer \u00fcber das jeweilige Transportunternehmen, ggf. mittels \u00dcbermittlung einer Sendungsverfolgungsnummer mitgeteilt. Sollte der Verk\u00e4ufer diese oder \u00e4hnliche Daten erhalten, wird er sie an den K\u00e4ufer per E-Mail weiterleiten.<br \/>\nFixgesch\u00e4fte gem. \u00a7 376 HGB bed\u00fcrfen der ausdr\u00fccklichen vorherigen schriftlichen Best\u00e4tigung des Verk\u00e4ufers.<\/p>\n<h2>10. GEW\u00c4HRLEISTUNG UND HAFTUNG<\/h2>\n<p>Der K\u00e4ufer ist gehalten, die Art und Menge der erhaltenen Ware (Falschlieferung, Zuweniglieferung, Zuviellieferung und mangelhafte Lieferung) bei Empfang zu \u00fcberpr\u00fcfen und zu quittieren. Falschlieferung, Mengenfehler und erkennbare M\u00e4ngel sind unverz\u00fcglich gem. \u00a7 377 HGB nach Eintreffen der Ware durch schriftliche oder telefonische Anzeige beim Verk\u00e4ufer zu r\u00fcgen. Bei nicht rechtzeitiger Anzeige pr\u00e4kludieren etwaige Anspr\u00fcche wegen Lieferung des mangelhaften Kaufgegenstandes.<br \/>\nEs gelten \u2013 mit folgenden Ausnahmen \u2013 die gesetzlichen Gew\u00e4hrleistungsbestimmungen.<br \/>\nBei Neuware betr\u00e4gt die Gew\u00e4hrleistungsfrist 12 Monate ab Gefahr\u00fcbergang der Ware. Die Gew\u00e4hrleistung erfolgt mit der Einschr\u00e4nkung, dass die Art und Weise der Nacherf\u00fcllung (Mangelbeseitigung oder Ersatzlieferung) durch den Verk\u00e4ufer bestimmt wird. S\u00e4mtliche Gew\u00e4hrleistungsanspr\u00fcche verj\u00e4hren binnen eines Jahres ab Gefahr\u00fcbergang der Ware.<br \/>\nBei Gebrauchtwaren ist die Gew\u00e4hrleistung ausgeschlossen. Ausgenommen von diesem Ausschluss der Gew\u00e4hrleistung sind F\u00e4lle des Fehlens einer zugesicherten Eigenschaft sowie des arglistigen Verschweigen eines Mangels.<br \/>\nDer Verk\u00e4ufer haftet nur in F\u00e4llen, in denen ihm oder einem Erf\u00fcllungsgehilfen, Vorsatz oder grobe Fahrl\u00e4ssigkeit zur Last fallen. Dies gilt nicht, soweit f\u00fcr Sch\u00e4den aus der Verletzung des Lebens, des K\u00f6rpers oder der Gesundheit gehaftet wird sowie im Falle der Verletzung wesentlicher Vertragspflichten. Hierbei handelt es sich um solche Pflichten, deren Erf\u00fcllung die ordnungsgem\u00e4\u00dfe Durchf\u00fchrung des Vertrages \u00fcberhaupt erst erm\u00f6glichen und auf deren Einhaltung der K\u00e4ufer regelm\u00e4\u00dfig vertrauen darf. Au\u00dfer bei Vorsatz, grober Fahrl\u00e4ssigkeit und Sch\u00e4den aus der Verletzung des Lebens des K\u00f6rpers oder der Gesundheit ist die Haftung der H\u00f6he nach auf die bei Vertragsschluss typischerweise vorhersehbaren Sch\u00e4den \u2013 unter Ausschluss des entgangenen Gewinns \u2013 begrenzt.<\/p>\n<h2>11. ANWENDBARES RECHT UND GERICHTSSTAND,<\/h2>\n<p>F\u00fcr s\u00e4mtliche Rechtsbeziehungen der Parteien gilt das Recht der Bundesrepublik Deutschland unter Ausschluss des UN-Kaufrechts.<br \/>\nAls Erf\u00fcllungsort und ausschlie\u00dflicher Gerichtsstand ist der Gesch\u00e4ftssitz des Verk\u00e4ufers vereinbart, sofern der Auftraggeber Kaufmann im Sinne des Handelsgesetzbuchs oder juristische Person des \u00f6ffentlichen Rechts bzw. \u00f6ffentlich-rechtliches Sonderverm\u00f6gen ist oder der Auftraggeber bei Klageerhebung keinen Sitz oder gew\u00f6hnlichen Aufenthaltsort in der Bundesrepublik Deutschland hat.<\/p>\n<h2>12. DATENSCHUTZ<\/h2>\n<p>Der Verk\u00e4ufer verwendet Daten des K\u00e4ufers \u2013 einschlie\u00dflich des Vertragstextes mit Angaben zum Kaufgegenstand \u2013 ausschlie\u00dflich zur Abwicklung der Bestellung. Alle Kundendaten werden unter Beachtung der einschl\u00e4gigen Vorschriften der Bundesdatenschutzgesetze (BDSG) und des Telemediengesetz (TMG) vom Verk\u00e4ufer gespeichert und verarbeitet. Die L\u00f6schung der Daten erfolgt unter Beachtung etwaiger handels- und steuerrechtlicher Vorschriften drei Monate nach vollst\u00e4ndiger Abwicklung des Kauf- bzw. Bestellvorgangs. Der K\u00e4ufer hat jederzeit ein Recht auf kostenlose Auskunft, Berichtigung und L\u00f6schung seiner gespeicherten Daten. Die personenbezogenen Daten einschlie\u00dflich der Gesch\u00e4fts- bzw. Wohn- und Lieferanschrift sowie der E-Mail-Adresse werden nicht ohne ausdr\u00fcckliche und jederzeit widerrufliche Einwilligung des K\u00e4ufers an Dritte weitergegeben. Ausgenommen hiervon sind Dienstleistungspartner des Verk\u00e4ufers, die zur Bestellabwicklung die \u00dcbermittlung der Daten ben\u00f6tigen (z.B. das mit der Lieferung beauftragte Versandunternehmen und das mit der Zahlungsabwicklung beauftragte Kreditinstitut). In diesen F\u00e4llen beschr\u00e4nkt sich der Umfang der \u00fcbermittelten Daten jedoch nur auf das erforderliche Minimum.<\/p>\n<h2>13. HAFTUNGSAUSSCHLUSS F\u00dcR FREMDE LINKS<\/h2>\n<p>Trotz sorgf\u00e4ltiger inhaltlicher Kontrolle \u00fcbernimmt der Verk\u00e4ufer keine Haftung f\u00fcr die Inhalte externer Links. F\u00fcr den Inhalt der verlinkten Seiten sind ausschlie\u00dflich deren Betreiber verantwortlich.<\/p>\n<h2>14. LOGOS, MARKENNAMEN<\/h2>\n<p>Mit dem Verkauf des Kaufgegenstands erwirbt der K\u00e4ufer keine Lizenz zur Nutzung etwaiger Markenrechte an den von ihm erworbenen Sachen. Dies betrifft insbesondere die Nutzung etwaiger Bildmarken, etwa um den Kaufgegenstand zu bewerben oder sonst wie \u00f6ffentlich- wie nicht-\u00f6ffentlich anzubieten.<\/p>\n<h2>15. UNWIRKSAMKEIT<\/h2>\n<p>Sollte eine der vorgenannten Bestimmungen unwirksam sein oder werden, so wird die Wirksamkeit der \u00fcbrigen Bestimmungen hierdurch nicht ber\u00fchrt. Anstelle der unwirksamen Bestimmung tritt eine<br \/>\nErsatzregelung, die dem mit der unwirksamen Bestimmung angestrebten Zweck m\u00f6glichst nahe kommt.<\/p>\n<\/div>\n\n<\/div>\n\n<\/div>\n\n<\/section>","protected":false},"excerpt":{"rendered":"","protected":false},"author":1,"featured_media":0,"parent":0,"menu_order":0,"comment_status":"closed","ping_status":"closed","template":"","meta":{"_acf_changed":false,"inline_featured_image":false,"footnotes":""},"class_list":["post-6124","page","type-page","status-publish","hentry"],"acf":false,"yoast_head":"<!-- This site is optimized with the Yoast SEO plugin v23.0 - https:\/\/yoast.com\/wordpress\/plugins\/seo\/ -->\n<title>Bedingungen und Konditionen - Malanga<\/title>\n<meta name=\"robots\" content=\"index, follow, max-snippet:-1, max-image-preview:large, max-video-preview:-1\" \/>\n<link rel=\"canonical\" href=\"https:\/\/malanga.eu\/de\/bedingungen-und-konditionen\/\" \/>\n<meta property=\"og:locale\" content=\"de_DE\" \/>\n<meta property=\"og:type\" content=\"article\" \/>\n<meta property=\"og:title\" content=\"Bedingungen und Konditionen - Malanga\" \/>\n<meta property=\"og:url\" content=\"https:\/\/malanga.eu\/de\/bedingungen-und-konditionen\/\" \/>\n<meta property=\"og:site_name\" content=\"Malanga\" \/>\n<meta property=\"article:modified_time\" content=\"2024-04-22T17:45:27+00:00\" \/>\n<meta name=\"twitter:card\" content=\"summary_large_image\" \/>\n<script type=\"application\/ld+json\" class=\"yoast-schema-graph\">{\"@context\":\"https:\/\/schema.org\",\"@graph\":[{\"@type\":\"WebPage\",\"@id\":\"https:\/\/malanga.eu\/de\/bedingungen-und-konditionen\/\",\"url\":\"https:\/\/malanga.eu\/de\/bedingungen-und-konditionen\/\",\"name\":\"Bedingungen und Konditionen - Malanga\",\"isPartOf\":{\"@id\":\"https:\/\/malanga.eu\/de\/#website\"},\"datePublished\":\"2024-02-28T13:41:34+00:00\",\"dateModified\":\"2024-04-22T17:45:27+00:00\",\"breadcrumb\":{\"@id\":\"https:\/\/malanga.eu\/de\/bedingungen-und-konditionen\/#breadcrumb\"},\"inLanguage\":\"de\",\"potentialAction\":[{\"@type\":\"ReadAction\",\"target\":[\"https:\/\/malanga.eu\/de\/bedingungen-und-konditionen\/\"]}]},{\"@type\":\"BreadcrumbList\",\"@id\":\"https:\/\/malanga.eu\/de\/bedingungen-und-konditionen\/#breadcrumb\",\"itemListElement\":[{\"@type\":\"ListItem\",\"position\":1,\"name\":\"Home\",\"item\":\"https:\/\/malanga.eu\/de\/\"},{\"@type\":\"ListItem\",\"position\":2,\"name\":\"Bedingungen und Konditionen\"}]},{\"@type\":\"WebSite\",\"@id\":\"https:\/\/malanga.eu\/de\/#website\",\"url\":\"https:\/\/malanga.eu\/de\/\",\"name\":\"Malanga\",\"description\":\"\",\"potentialAction\":[{\"@type\":\"SearchAction\",\"target\":{\"@type\":\"EntryPoint\",\"urlTemplate\":\"https:\/\/malanga.eu\/de\/?s={search_term_string}\"},\"query-input\":\"required name=search_term_string\"}],\"inLanguage\":\"de\"}]}<\/script>\n<!-- \/ Yoast SEO plugin. -->","yoast_head_json":{"title":"Bedingungen und Konditionen - Malanga","robots":{"index":"index","follow":"follow","max-snippet":"max-snippet:-1","max-image-preview":"max-image-preview:large","max-video-preview":"max-video-preview:-1"},"canonical":"https:\/\/malanga.eu\/de\/bedingungen-und-konditionen\/","og_locale":"de_DE","og_type":"article","og_title":"Bedingungen und Konditionen - Malanga","og_url":"https:\/\/malanga.eu\/de\/bedingungen-und-konditionen\/","og_site_name":"Malanga","article_modified_time":"2024-04-22T17:45:27+00:00","twitter_card":"summary_large_image","schema":{"@context":"https:\/\/schema.org","@graph":[{"@type":"WebPage","@id":"https:\/\/malanga.eu\/de\/bedingungen-und-konditionen\/","url":"https:\/\/malanga.eu\/de\/bedingungen-und-konditionen\/","name":"Bedingungen und Konditionen - Malanga","isPartOf":{"@id":"https:\/\/malanga.eu\/de\/#website"},"datePublished":"2024-02-28T13:41:34+00:00","dateModified":"2024-04-22T17:45:27+00:00","breadcrumb":{"@id":"https:\/\/malanga.eu\/de\/bedingungen-und-konditionen\/#breadcrumb"},"inLanguage":"de","potentialAction":[{"@type":"ReadAction","target":["https:\/\/malanga.eu\/de\/bedingungen-und-konditionen\/"]}]},{"@type":"BreadcrumbList","@id":"https:\/\/malanga.eu\/de\/bedingungen-und-konditionen\/#breadcrumb","itemListElement":[{"@type":"ListItem","position":1,"name":"Home","item":"https:\/\/malanga.eu\/de\/"},{"@type":"ListItem","position":2,"name":"Bedingungen und Konditionen"}]},{"@type":"WebSite","@id":"https:\/\/malanga.eu\/de\/#website","url":"https:\/\/malanga.eu\/de\/","name":"Malanga","description":"","potentialAction":[{"@type":"SearchAction","target":{"@type":"EntryPoint","urlTemplate":"https:\/\/malanga.eu\/de\/?s={search_term_string}"},"query-input":"required name=search_term_string"}],"inLanguage":"de"}]}},"_links":{"self":[{"href":"https:\/\/malanga.eu\/de\/wp-json\/wp\/v2\/pages\/6124","targetHints":{"allow":["GET"]}}],"collection":[{"href":"https:\/\/malanga.eu\/de\/wp-json\/wp\/v2\/pages"}],"about":[{"href":"https:\/\/malanga.eu\/de\/wp-json\/wp\/v2\/types\/page"}],"author":[{"embeddable":true,"href":"https:\/\/malanga.eu\/de\/wp-json\/wp\/v2\/users\/1"}],"replies":[{"embeddable":true,"href":"https:\/\/malanga.eu\/de\/wp-json\/wp\/v2\/comments?post=6124"}],"version-history":[{"count":2,"href":"https:\/\/malanga.eu\/de\/wp-json\/wp\/v2\/pages\/6124\/revisions"}],"predecessor-version":[{"id":10399,"href":"https:\/\/malanga.eu\/de\/wp-json\/wp\/v2\/pages\/6124\/revisions\/10399"}],"wp:attachment":[{"href":"https:\/\/malanga.eu\/de\/wp-json\/wp\/v2\/media?parent=6124"}],"curies":[{"name":"wp","href":"https:\/\/api.w.org\/{rel}","templated":true}]}}