{"id":6437,"date":"2024-03-15T10:18:23","date_gmt":"2024-03-15T10:18:23","guid":{"rendered":"https:\/\/malanga.eu\/?page_id=6437"},"modified":"2024-04-22T17:42:47","modified_gmt":"2024-04-22T17:42:47","slug":"wie-man-bestellt-2","status":"publish","type":"page","link":"https:\/\/malanga.eu\/de\/home-page\/wie-man-bestellt-2\/","title":{"rendered":"Verkaufsbeschr\u00e4nkungen"},"content":{"rendered":"\n\n\n<section class=\"page-header fullwidth  \">\n    <div class=\"widewidth page-header__wrapper\">\n        <div class=\"page-header__breadcrumbs\">\n            <p class=\"bn-breadcrumbs\"><span><span><a href=\"https:\/\/malanga.eu\/de\/\">Home<\/a><\/span><\/span><\/p>        <\/div>\n        <div class=\"page-header__content\">\n            <div class=\"page-header__content--title\">\n                <h1 class=\"--decoration\">Verkaufsbeschr\u00e4nkungen<\/h1>\n            <\/div>\n                    <\/div>\n    <\/div>\n\n<\/section>\n\n\n<style>\n    \/* mobile *\/\n    .bcg-0i817JObvW {\n            }\n\n    \/* desktop *\/\n    @media (min-width: 576px) {\n        .bcg-0i817JObvW {\n            background-image: url('');\n        }\n    }\n<\/style>\n<section  class=\"section bcg-0i817JObvW boxwidth flex vertical vertical__center      \">\n        \n\n<style>\n    \/* mobile *\/\n    .bcg-I9CuiEEjLg {\n            }\n\n    \/* desktop *\/\n    @media (min-width: 576px) {\n        .bcg-I9CuiEEjLg {\n            background-image: url('');\n        }\n    }\n<\/style>\n\n<div  class=\"bcg-I9CuiEEjLg  boxwidth grid-row       --default-padding  \">\n        \n\n\n\n<div class=\"grid-xxs-col-1-13 grid-sm-col-2-12     \">\n    \n\n<div class=\"bn-wysiwyg            \">\n    <p>Viele aktuelle Angebote sind auf die M\u00e4rkte au\u00dferhalb der Europ\u00e4ischen Union oder auf den Offline-Vertrieb (in lokalen Gesch\u00e4ften, nicht im Internet) ausgerichtet.<\/p>\n<p>Die Verkaufsbeschr\u00e4nkungen h\u00e4ngen von den Angeboten und den spezifischen Zielm\u00e4rkten ab.<\/p>\n<p><strong>Bitte kontaktieren Sie uns f\u00fcr weitere Informationen: info@malanga.eu <\/strong><\/p>\n<\/div>\n\n<\/div>\n\n<\/div>\n\n<\/section>","protected":false},"excerpt":{"rendered":"","protected":false},"author":20,"featured_media":0,"parent":1451,"menu_order":0,"comment_status":"closed","ping_status":"closed","template":"","meta":{"_acf_changed":false,"inline_featured_image":false,"footnotes":""},"class_list":["post-6437","page","type-page","status-publish","hentry"],"acf":false,"yoast_head":"<!-- This site is optimized with the Yoast SEO plugin v23.0 - https:\/\/yoast.com\/wordpress\/plugins\/seo\/ -->\n<title>Verkaufsbeschr\u00e4nkungen - Malanga<\/title>\n<meta name=\"robots\" content=\"index, follow, max-snippet:-1, max-image-preview:large, max-video-preview:-1\" \/>\n<link rel=\"canonical\" href=\"https:\/\/malanga.eu\/de\/home-page\/wie-man-bestellt-2\/\" \/>\n<meta property=\"og:locale\" content=\"de_DE\" \/>\n<meta property=\"og:type\" content=\"article\" \/>\n<meta property=\"og:title\" content=\"Verkaufsbeschr\u00e4nkungen - Malanga\" \/>\n<meta property=\"og:url\" content=\"https:\/\/malanga.eu\/de\/home-page\/wie-man-bestellt-2\/\" \/>\n<meta property=\"og:site_name\" content=\"Malanga\" \/>\n<meta property=\"article:modified_time\" content=\"2024-04-22T17:42:47+00:00\" \/>\n<meta name=\"twitter:card\" content=\"summary_large_image\" \/>\n<script type=\"application\/ld+json\" class=\"yoast-schema-graph\">{\"@context\":\"https:\/\/schema.org\",\"@graph\":[{\"@type\":\"WebPage\",\"@id\":\"https:\/\/malanga.eu\/de\/home-page\/wie-man-bestellt-2\/\",\"url\":\"https:\/\/malanga.eu\/de\/home-page\/wie-man-bestellt-2\/\",\"name\":\"Verkaufsbeschr\u00e4nkungen - Malanga\",\"isPartOf\":{\"@id\":\"https:\/\/malanga.eu\/de\/#website\"},\"datePublished\":\"2024-03-15T10:18:23+00:00\",\"dateModified\":\"2024-04-22T17:42:47+00:00\",\"breadcrumb\":{\"@id\":\"https:\/\/malanga.eu\/de\/home-page\/wie-man-bestellt-2\/#breadcrumb\"},\"inLanguage\":\"de\",\"potentialAction\":[{\"@type\":\"ReadAction\",\"target\":[\"https:\/\/malanga.eu\/de\/home-page\/wie-man-bestellt-2\/\"]}]},{\"@type\":\"BreadcrumbList\",\"@id\":\"https:\/\/malanga.eu\/de\/home-page\/wie-man-bestellt-2\/#breadcrumb\",\"itemListElement\":[{\"@type\":\"ListItem\",\"position\":1,\"name\":\"Home\",\"item\":\"https:\/\/malanga.eu\/de\/\"},{\"@type\":\"ListItem\",\"position\":2,\"name\":\"Hauptseite\",\"item\":\"https:\/\/malanga.eu\/de\/\"},{\"@type\":\"ListItem\",\"position\":3,\"name\":\"Verkaufsbeschr\u00e4nkungen\"}]},{\"@type\":\"WebSite\",\"@id\":\"https:\/\/malanga.eu\/de\/#website\",\"url\":\"https:\/\/malanga.eu\/de\/\",\"name\":\"Malanga\",\"description\":\"\",\"potentialAction\":[{\"@type\":\"SearchAction\",\"target\":{\"@type\":\"EntryPoint\",\"urlTemplate\":\"https:\/\/malanga.eu\/de\/?s={search_term_string}\"},\"query-input\":\"required name=search_term_string\"}],\"inLanguage\":\"de\"}]}<\/script>\n<!-- \/ Yoast SEO plugin. -->","yoast_head_json":{"title":"Verkaufsbeschr\u00e4nkungen - Malanga","robots":{"index":"index","follow":"follow","max-snippet":"max-snippet:-1","max-image-preview":"max-image-preview:large","max-video-preview":"max-video-preview:-1"},"canonical":"https:\/\/malanga.eu\/de\/home-page\/wie-man-bestellt-2\/","og_locale":"de_DE","og_type":"article","og_title":"Verkaufsbeschr\u00e4nkungen - Malanga","og_url":"https:\/\/malanga.eu\/de\/home-page\/wie-man-bestellt-2\/","og_site_name":"Malanga","article_modified_time":"2024-04-22T17:42:47+00:00","twitter_card":"summary_large_image","schema":{"@context":"https:\/\/schema.org","@graph":[{"@type":"WebPage","@id":"https:\/\/malanga.eu\/de\/home-page\/wie-man-bestellt-2\/","url":"https:\/\/malanga.eu\/de\/home-page\/wie-man-bestellt-2\/","name":"Verkaufsbeschr\u00e4nkungen - Malanga","isPartOf":{"@id":"https:\/\/malanga.eu\/de\/#website"},"datePublished":"2024-03-15T10:18:23+00:00","dateModified":"2024-04-22T17:42:47+00:00","breadcrumb":{"@id":"https:\/\/malanga.eu\/de\/home-page\/wie-man-bestellt-2\/#breadcrumb"},"inLanguage":"de","potentialAction":[{"@type":"ReadAction","target":["https:\/\/malanga.eu\/de\/home-page\/wie-man-bestellt-2\/"]}]},{"@type":"BreadcrumbList","@id":"https:\/\/malanga.eu\/de\/home-page\/wie-man-bestellt-2\/#breadcrumb","itemListElement":[{"@type":"ListItem","position":1,"name":"Home","item":"https:\/\/malanga.eu\/de\/"},{"@type":"ListItem","position":2,"name":"Hauptseite","item":"https:\/\/malanga.eu\/de\/"},{"@type":"ListItem","position":3,"name":"Verkaufsbeschr\u00e4nkungen"}]},{"@type":"WebSite","@id":"https:\/\/malanga.eu\/de\/#website","url":"https:\/\/malanga.eu\/de\/","name":"Malanga","description":"","potentialAction":[{"@type":"SearchAction","target":{"@type":"EntryPoint","urlTemplate":"https:\/\/malanga.eu\/de\/?s={search_term_string}"},"query-input":"required name=search_term_string"}],"inLanguage":"de"}]}},"_links":{"self":[{"href":"https:\/\/malanga.eu\/de\/wp-json\/wp\/v2\/pages\/6437","targetHints":{"allow":["GET"]}}],"collection":[{"href":"https:\/\/malanga.eu\/de\/wp-json\/wp\/v2\/pages"}],"about":[{"href":"https:\/\/malanga.eu\/de\/wp-json\/wp\/v2\/types\/page"}],"author":[{"embeddable":true,"href":"https:\/\/malanga.eu\/de\/wp-json\/wp\/v2\/users\/20"}],"replies":[{"embeddable":true,"href":"https:\/\/malanga.eu\/de\/wp-json\/wp\/v2\/comments?post=6437"}],"version-history":[{"count":6,"href":"https:\/\/malanga.eu\/de\/wp-json\/wp\/v2\/pages\/6437\/revisions"}],"predecessor-version":[{"id":10398,"href":"https:\/\/malanga.eu\/de\/wp-json\/wp\/v2\/pages\/6437\/revisions\/10398"}],"up":[{"embeddable":true,"href":"https:\/\/malanga.eu\/de\/wp-json\/wp\/v2\/pages\/1451"}],"wp:attachment":[{"href":"https:\/\/malanga.eu\/de\/wp-json\/wp\/v2\/media?parent=6437"}],"curies":[{"name":"wp","href":"https:\/\/api.w.org\/{rel}","templated":true}]}}